{"id":31,"date":"2020-08-20T13:12:58","date_gmt":"2020-08-20T13:12:58","guid":{"rendered":"https:\/\/jardin85.com\/index.php\/home\/"},"modified":"2022-10-06T19:08:55","modified_gmt":"2022-10-06T19:08:55","slug":"home","status":"publish","type":"page","link":"https:\/\/jardin85.com\/","title":{"rendered":"Home"},"content":{"rendered":"\n<div class=\"wp-block-cover alignfull is-light\" style=\"min-height:800px\"><span aria-hidden=\"true\" class=\"wp-block-cover__background has-ast-global-color-7-background-color has-background-dim-0 has-background-dim\"><\/span><img loading=\"lazy\" width=\"1920\" height=\"1080\" class=\"wp-block-cover__image-background wp-image-499\" alt=\"\" src=\"https:\/\/jardin85.com\/wp-content\/uploads\/2022\/09\/Disen\u0303o-sin-ti\u0301tulo-12.png\" style=\"object-position:48% 33%\" data-object-fit=\"cover\" data-object-position=\"48% 33%\" srcset=\"https:\/\/jardin85.com\/wp-content\/uploads\/2022\/09\/Disen\u0303o-sin-ti\u0301tulo-12.png 1920w, https:\/\/jardin85.com\/wp-content\/uploads\/2022\/09\/Disen\u0303o-sin-ti\u0301tulo-12-300x169.png 300w, https:\/\/jardin85.com\/wp-content\/uploads\/2022\/09\/Disen\u0303o-sin-ti\u0301tulo-12-1024x576.png 1024w, https:\/\/jardin85.com\/wp-content\/uploads\/2022\/09\/Disen\u0303o-sin-ti\u0301tulo-12-768x432.png 768w, https:\/\/jardin85.com\/wp-content\/uploads\/2022\/09\/Disen\u0303o-sin-ti\u0301tulo-12-1536x864.png 1536w\" sizes=\"(max-width: 1920px) 100vw, 1920px\" \/><div class=\"wp-block-cover__inner-container\">\n<h5 class=\"has-ast-global-color-2-color has-text-color\">COMIDA \u25cf CULTURA \u25cf COMUNIDAD<\/h5>\n\n\n\n<h1 class=\"has-ast-global-color-2-color has-text-color\" style=\"text-transform:capitalize\">Un food Park \u00fanico<\/h1>\n\n\n\n<p class=\"has-ast-global-color-3-color has-text-color\">Somos un recinto dedicado a crear una <strong>experiencia \u00fanica <\/strong>en cuanto a <br>diversi\u00f3n, tecnolog\u00eda y gastronom\u00eda, con innovaci\u00f3n constante.<\/p>\n\n\n\n<p class=\"has-ast-global-color-3-color has-text-color\"><strong>Un proyecto dise\u00f1ado para todas las edades y con diferentes \u00e1reas de recreaci\u00f3n.<\/strong><\/p>\n\n\n\n<h3 class=\"has-ast-global-color-0-color has-text-color\">+ DE 20 OPCIONES GASTRON\u00d3MICAS DISTINTAS<\/h3>\n\n\n\n<p class=\"has-text-align-center has-large-font-size\"><\/p>\n<\/div><\/div>\n\n\n\n<div class=\"wp-container-5 wp-block-group alignfull has-ast-global-color-0-background-color has-background\"><div class=\"wp-block-group__inner-container\">\n<hr class=\"wp-block-separator has-text-color has-ast-global-color-0-color has-css-opacity has-ast-global-color-0-background-color has-background is-style-wide\"\/>\n\n\n\n<div class=\"wp-container-4 wp-block-columns\">\n<div class=\"wp-container-1 wp-block-column\">\n<h6 class=\"has-ast-global-color-0-color has-text-color\">01.<\/h6>\n\n\n\n<h4 class=\"has-text-align-center\">Comida<\/h4>\n\n\n\n<p class=\"has-text-align-center has-ast-global-color-3-color has-text-color\">Click edit button to change this text. Lorem ipsum dolor sit amet, elit. Ut elit tellus, nec ullamcorper.<\/p>\n\n\n\n<p class=\"has-ast-global-color-0-color has-text-color\"><strong>Read More<\/strong><\/p>\n<\/div>\n\n\n\n<div class=\"wp-container-2 wp-block-column\">\n<h6 class=\"has-ast-global-color-0-color has-text-color\">02.<\/h6>\n\n\n\n<h4 class=\"has-text-align-center\">Cultura y Comunidad<\/h4>\n\n\n\n<p class=\"has-text-align-center has-ast-global-color-3-color has-text-color\">Click edit button to change this text. Lorem ipsum dolor sit amet, elit. Ut elit tellus, nec ullamcorper.<\/p>\n\n\n\n<p class=\"has-ast-global-color-0-color has-text-color\"><strong>Read More<\/strong><\/p>\n<\/div>\n\n\n\n<div class=\"wp-container-3 wp-block-column\">\n<h6 class=\"has-ast-global-color-0-color has-text-color\">03.<\/h6>\n\n\n\n<h4 class=\"has-text-align-center\">Tecnolog\u00eda<\/h4>\n\n\n\n<p class=\"has-text-align-center has-ast-global-color-3-color has-text-color\">Click edit button to change this text. Lorem ipsum dolor sit amet, elit. Ut elit tellus, nec ullamcorper.<\/p>\n\n\n\n<p class=\"has-ast-global-color-0-color has-text-color\"><strong>Read More<\/strong><\/p>\n<\/div>\n<\/div>\n<\/div><\/div>\n\n\n\n<div class=\"inherit-container-width wp-container-7 wp-block-group alignfull has-ast-global-color-5-background-color has-background\"><div class=\"wp-block-group__inner-container\">\n<div class=\"wp-block-media-text alignwide is-stacked-on-mobile is-vertically-aligned-center\" style=\"grid-template-columns:61% auto\"><figure class=\"wp-block-media-text__media\"><img loading=\"lazy\" width=\"1024\" height=\"576\" src=\"https:\/\/jardin85.com\/wp-content\/uploads\/2022\/09\/v2-Jardi\u0301n85-espacios-1-1024x576.png\" alt=\"\" class=\"wp-image-544 size-full\" srcset=\"https:\/\/jardin85.com\/wp-content\/uploads\/2022\/09\/v2-Jardi\u0301n85-espacios-1-1024x576.png 1024w, https:\/\/jardin85.com\/wp-content\/uploads\/2022\/09\/v2-Jardi\u0301n85-espacios-1-300x169.png 300w, https:\/\/jardin85.com\/wp-content\/uploads\/2022\/09\/v2-Jardi\u0301n85-espacios-1-768x432.png 768w, https:\/\/jardin85.com\/wp-content\/uploads\/2022\/09\/v2-Jardi\u0301n85-espacios-1-1536x864.png 1536w, https:\/\/jardin85.com\/wp-content\/uploads\/2022\/09\/v2-Jardi\u0301n85-espacios-1.png 1920w\" sizes=\"(max-width: 1024px) 100vw, 1024px\" \/><\/figure><div class=\"wp-block-media-text__content\">\n<h2 class=\"has-text-align-right\">   Conoce m\u00e1s sobre nosotros<\/h2>\n\n\n\n<p class=\"has-text-align-right\"><strong>Ipsum nec sagittis sem nibh id elit. Duis sed odio sit amet vulputate cursus.<\/strong><\/p>\n\n\n\n<p class=\"has-text-align-right\">Lorem ipsum dolor sit amet, consectetur adipiscing elit. Ut elit tellus, luctus nec ullamcorper mattis, pulvinar dapibus leo. Proin gravida nibh vel velit auctor aliquet aenean lorem sollicitudin, lorem quis bibendum auctor, nisi elit consequat.<\/p>\n\n\n\n<div class=\"wp-container-6 is-content-justification-center wp-block-buttons\">\n<div class=\"wp-block-button\"><a class=\"wp-block-button__link has-ast-global-color-2-background-color has-background\">Leer m\u00e1s<\/a><\/div>\n<\/div>\n<\/div><\/div>\n<\/div><\/div>\n\n\n\n<div class=\"inherit-container-width wp-container-13 wp-block-group alignfull has-ast-global-color-5-background-color has-background\"><div class=\"wp-block-group__inner-container\">\n<h2 class=\"has-text-align-center\">UNA EXPERIENCIA DIFERENTE DENTRO DE LA CIUDAD<\/h2>\n\n\n\n<div class=\"inherit-container-width wp-container-12 wp-block-group\"><div class=\"wp-block-group__inner-container\">\n<div class=\"wp-container-11 wp-block-columns\">\n<div class=\"wp-container-8 wp-block-column\"><\/div>\n\n\n\n<div class=\"wp-container-9 wp-block-column\"><\/div>\n\n\n\n<div class=\"wp-container-10 wp-block-column\"><\/div>\n<\/div>\n<\/div><\/div>\n\n\n\n<div class=\"wp-block-cover is-light\" style=\"min-height:600px\"><span aria-hidden=\"true\" class=\"wp-block-cover__background has-ast-global-color-1-background-color has-background-dim-0 has-background-dim\"><\/span><img loading=\"lazy\" width=\"1920\" height=\"1080\" class=\"wp-block-cover__image-background wp-image-537\" alt=\"\" src=\"https:\/\/jardin85.com\/wp-content\/uploads\/2022\/09\/v2-Jardi\u0301n85-espacios.png\" data-object-fit=\"cover\" srcset=\"https:\/\/jardin85.com\/wp-content\/uploads\/2022\/09\/v2-Jardi\u0301n85-espacios.png 1920w, https:\/\/jardin85.com\/wp-content\/uploads\/2022\/09\/v2-Jardi\u0301n85-espacios-300x169.png 300w, https:\/\/jardin85.com\/wp-content\/uploads\/2022\/09\/v2-Jardi\u0301n85-espacios-1024x576.png 1024w, https:\/\/jardin85.com\/wp-content\/uploads\/2022\/09\/v2-Jardi\u0301n85-espacios-768x432.png 768w, https:\/\/jardin85.com\/wp-content\/uploads\/2022\/09\/v2-Jardi\u0301n85-espacios-1536x864.png 1536w\" sizes=\"(max-width: 1920px) 100vw, 1920px\" \/><div class=\"wp-block-cover__inner-container\">\n<h2 class=\"has-ast-global-color-5-color has-text-color\"><\/h2>\n\n\n\n<p class=\"has-ast-global-color-4-color has-text-color\"><\/p>\n<\/div><\/div>\n<\/div><\/div>\n\n\n\n<div class=\"inherit-container-width wp-container-15 wp-block-group alignfull has-ast-global-color-4-background-color has-background\"><div class=\"wp-block-group__inner-container\">\n<div class=\"wp-container-14 wp-block-columns\"><\/div>\n<\/div><\/div>\n\n\n\n<div class=\"inherit-container-width wp-container-17 wp-block-group alignfull has-ast-global-color-5-background-color has-background\"><div class=\"wp-block-group__inner-container\">\n<h5 class=\"has-text-align-center\"><\/h5>\n\n\n\n<h2 class=\"has-text-align-center\">APERTURA OTO\u00d1O 2022<\/h2>\n\n\n\n<hr class=\"wp-block-separator has-text-color has-ast-global-color-0-color has-css-opacity has-ast-global-color-0-background-color has-background aligncenter\"\/>\n\n\n\n<h5 class=\"has-text-align-center\">LOCALES DISPONIBLES<\/h5>\n\n\n\n<div class=\"wp-container-16 is-horizontal is-content-justification-center wp-block-buttons\">\n<div class=\"wp-block-button\"><a class=\"wp-block-button__link\">CONTACTANOS<\/a><\/div>\n<\/div>\n<\/div><\/div>\n\n\n\n<p><\/p>\n","protected":false},"excerpt":{"rendered":"<p>01. Comida Click edit button to change this text. Lorem ipsum dolor sit amet, elit. Ut elit tellus, nec ullamcorper. Read More 02. Cultura y Comunidad Click edit button to change this text. Lorem ipsum dolor sit amet, elit. Ut elit tellus, nec ullamcorper. Read More 03. Tecnolog\u00eda Click edit button to change this text. &hellip;<\/p>\n<p class=\"read-more\"> <a class=\"\" href=\"https:\/\/jardin85.com\/\"> <span class=\"screen-reader-text\">Home<\/span> Read More &raquo;<\/a><\/p>\n","protected":false},"author":1,"featured_media":0,"parent":0,"menu_order":0,"comment_status":"closed","ping_status":"closed","template":"","meta":{"site-sidebar-layout":"default","site-content-layout":"plain-container","ast-global-header-display":"","ast-main-header-display":"","ast-hfb-above-header-display":"","ast-hfb-below-header-display":"","ast-hfb-mobile-header-display":"","site-post-title":"disabled","ast-breadcrumbs-content":"","ast-featured-img":"","footer-sml-layout":"","theme-transparent-header-meta":"enabled","adv-header-id-meta":"","stick-header-meta":"","header-above-stick-meta":"","header-main-stick-meta":"","header-below-stick-meta":""},"uagb_featured_image_src":{"full":false,"thumbnail":false,"medium":false,"medium_large":false,"large":false,"1536x1536":false,"2048x2048":false},"uagb_author_info":{"display_name":"jardin85mx@gmail.com","author_link":"https:\/\/jardin85.com\/index.php\/author\/jardin85mxgmail-com\/"},"uagb_comment_info":0,"uagb_excerpt":"01. Comida Click edit button to change this text. Lorem ipsum dolor sit amet, elit. Ut elit tellus, nec ullamcorper. Read More 02. Cultura y Comunidad Click edit button to change this text. Lorem ipsum dolor sit amet, elit. Ut elit tellus, nec ullamcorper. Read More 03. Tecnolog\u00eda Click edit button to change this text.&hellip;","_links":{"self":[{"href":"https:\/\/jardin85.com\/index.php\/wp-json\/wp\/v2\/pages\/31"}],"collection":[{"href":"https:\/\/jardin85.com\/index.php\/wp-json\/wp\/v2\/pages"}],"about":[{"href":"https:\/\/jardin85.com\/index.php\/wp-json\/wp\/v2\/types\/page"}],"author":[{"embeddable":true,"href":"https:\/\/jardin85.com\/index.php\/wp-json\/wp\/v2\/users\/1"}],"replies":[{"embeddable":true,"href":"https:\/\/jardin85.com\/index.php\/wp-json\/wp\/v2\/comments?post=31"}],"version-history":[{"count":15,"href":"https:\/\/jardin85.com\/index.php\/wp-json\/wp\/v2\/pages\/31\/revisions"}],"predecessor-version":[{"id":553,"href":"https:\/\/jardin85.com\/index.php\/wp-json\/wp\/v2\/pages\/31\/revisions\/553"}],"wp:attachment":[{"href":"https:\/\/jardin85.com\/index.php\/wp-json\/wp\/v2\/media?parent=31"}],"curies":[{"name":"wp","href":"https:\/\/api.w.org\/{rel}","templated":true}]}}